{"id":554,"date":"2020-03-17T17:08:11","date_gmt":"2020-03-17T17:08:11","guid":{"rendered":"https:\/\/www.hmg-genset.pt\/pt\/?page_id=554"},"modified":"2020-08-12T10:35:12","modified_gmt":"2020-08-12T10:35:12","slug":"produtos","status":"publish","type":"page","link":"https:\/\/www.hmg-genset.pt\/pt\/produtos\/","title":{"rendered":"Produtos"},"content":{"rendered":"\t\t<div data-elementor-type=\"wp-page\" data-elementor-id=\"554\" class=\"elementor elementor-554\" data-elementor-settings=\"[]\">\n\t\t\t\t\t\t\t<div class=\"elementor-section-wrap\">\n\t\t\t\t\t\t\t<section class=\"elementor-element elementor-element-d432c42 elementor-section-stretched elementor-section-full_width elementor-section-height-default elementor-section-height-default elementor-section elementor-top-section\" data-id=\"d432c42\" data-element_type=\"section\" data-settings=\"{&quot;stretch_section&quot;:&quot;section-stretched&quot;,&quot;background_background&quot;:&quot;classic&quot;}\">\n\t\t\t\t\t\t<div class=\"elementor-container elementor-column-gap-default\">\n\t\t\t\t\t<div class=\"elementor-element elementor-element-f171080 elementor-column elementor-col-100 elementor-top-column\" data-id=\"f171080\" data-element_type=\"column\">\n\t\t\t<div class=\"elementor-widget-wrap elementor-element-populated\">\n\t\t\t\t\t\t\t\t<div class=\"elementor-element elementor-element-98eec99 elementor-widget elementor-widget-spacer\" data-id=\"98eec99\" data-element_type=\"widget\" data-widget_type=\"spacer.default\">\n\t\t\t\t<div class=\"elementor-widget-container\">\n\t\t\t\t\t<div class=\"elementor-spacer\">\n\t\t\t<div class=\"elementor-spacer-inner\"><\/div>\n\t\t<\/div>\n\t\t\t\t<\/div>\n\t\t\t\t<\/div>\n\t\t\t\t<div class=\"elementor-element elementor-element-3c5d104 elementor-widget elementor-widget-heading\" data-id=\"3c5d104\" data-element_type=\"widget\" data-widget_type=\"heading.default\">\n\t\t\t\t<div class=\"elementor-widget-container\">\n\t\t\t<h1 class=\"elementor-heading-title elementor-size-default\">PRODUTOS<\/h1>\t\t<\/div>\n\t\t\t\t<\/div>\n\t\t\t\t<div class=\"elementor-element elementor-element-8fcde86 elementor-widget elementor-widget-text-editor\" data-id=\"8fcde86\" data-element_type=\"widget\" data-widget_type=\"text-editor.default\">\n\t\t\t\t<div class=\"elementor-widget-container\">\n\t\t\t\t\t<div class=\"elementor-text-editor elementor-clearfix\">A HMG-GENSET tem \u00e0 sua disposi\u00e7\u00e3o v\u00e1rios produtos com diferentes modalidades. <br>Connosco pode <b>COMPRAR<\/b> ou <b>ALUGAR<\/b> um equipamento.<\/div>\n\t\t\t\t<\/div>\n\t\t\t\t<\/div>\n\t\t\t\t<section class=\"elementor-element elementor-element-8efba81 elementor-section-boxed elementor-section-height-default elementor-section-height-default elementor-section elementor-inner-section\" data-id=\"8efba81\" data-element_type=\"section\" id=\"iconLordIcon\">\n\t\t\t\t\t\t<div class=\"elementor-container elementor-column-gap-default\">\n\t\t\t\t\t<div class=\"elementor-element elementor-element-ae644ce elementor-column elementor-col-100 elementor-inner-column\" data-id=\"ae644ce\" data-element_type=\"column\">\n\t\t\t<div class=\"elementor-widget-wrap\">\n\t\t\t\t\t\t\t\t\t<\/div>\n\t\t<\/div>\n\t\t\t\t\t\t\t<\/div>\n\t\t<\/section>\n\t\t\t\t<div class=\"elementor-element elementor-element-a5112e1 elementor-widget elementor-widget-shortcode\" data-id=\"a5112e1\" data-element_type=\"widget\" id=\"iconLordIcon\" data-widget_type=\"shortcode.default\">\n\t\t\t\t<div class=\"elementor-widget-container\">\n\t\t\t\t\t<div class=\"elementor-shortcode\"><lord-icon src=\"https:\/\/www.hmg-genset.pt\/pt\/wp-content\/plugins\/lordicon-interactive-icons\/icons\/463-headset-customer-support-outline.json\" style=\"width:100px;height:100px;\" animation=\"morph\" palette=\"#ffffff;#ffcb00\"><\/lord-icon><\/div>\n\t\t\t\t<\/div>\n\t\t\t\t<\/div>\n\t\t\t\t\t<\/div>\n\t\t<\/div>\n\t\t\t\t\t\t\t<\/div>\n\t\t<\/section>\n\t\t\t\t<section class=\"elementor-element elementor-element-e238985 elementor-section-stretched elementor-section-full_width elementor-section-height-default elementor-section-height-default elementor-section elementor-top-section\" data-id=\"e238985\" data-element_type=\"section\" data-settings=\"{&quot;stretch_section&quot;:&quot;section-stretched&quot;,&quot;background_background&quot;:&quot;classic&quot;}\">\n\t\t\t\t\t\t<div class=\"elementor-container elementor-column-gap-no\">\n\t\t\t\t\t<div class=\"elementor-element elementor-element-604ef45 elementor-column elementor-col-33 elementor-top-column\" data-id=\"604ef45\" data-element_type=\"column\" data-settings=\"{&quot;background_background&quot;:&quot;classic&quot;}\">\n\t\t\t<div class=\"elementor-widget-wrap elementor-element-populated\">\n\t\t\t\t\t\t\t\t<div class=\"elementor-element elementor-element-49fbe24 elementor-widget elementor-widget-image\" data-id=\"49fbe24\" data-element_type=\"widget\" data-widget_type=\"image.default\">\n\t\t\t\t<div class=\"elementor-widget-container\">\n\t\t\t\t\t<div class=\"elementor-image\">\n\t\t\t\t\t\t\t\t\t\t\t<a href=\"https:\/\/www.hmg-genset.pt\/pt\/geradores\/\">\n\t\t\t\t\t\t\t<img width=\"800\" height=\"800\" src=\"https:\/\/www.hmg-genset.pt\/pt\/wp-content\/uploads\/2020\/03\/produto-gerador.jpg\" class=\"attachment-large size-large\" alt=\"Geradores\" loading=\"lazy\" srcset=\"https:\/\/www.hmg-genset.pt\/pt\/wp-content\/uploads\/2020\/03\/produto-gerador.jpg 800w, https:\/\/www.hmg-genset.pt\/pt\/wp-content\/uploads\/2020\/03\/produto-gerador-300x300.jpg 300w, https:\/\/www.hmg-genset.pt\/pt\/wp-content\/uploads\/2020\/03\/produto-gerador-150x150.jpg 150w, https:\/\/www.hmg-genset.pt\/pt\/wp-content\/uploads\/2020\/03\/produto-gerador-768x768.jpg 768w, https:\/\/www.hmg-genset.pt\/pt\/wp-content\/uploads\/2020\/03\/produto-gerador-500x500.jpg 500w\" sizes=\"(max-width: 800px) 100vw, 800px\" \/>\t\t\t\t\t\t\t\t<\/a>\n\t\t\t\t\t\t\t\t\t\t\t<\/div>\n\t\t\t\t<\/div>\n\t\t\t\t<\/div>\n\t\t\t\t<div class=\"elementor-element elementor-element-ab38f35 elementor-widget elementor-widget-image\" data-id=\"ab38f35\" data-element_type=\"widget\" data-widget_type=\"image.default\">\n\t\t\t\t<div class=\"elementor-widget-container\">\n\t\t\t\t\t<div class=\"elementor-image\">\n\t\t\t\t\t\t\t\t\t\t\t<a href=\"https:\/\/www.hmg-genset.pt\/pt\/quadro-electrico\/\">\n\t\t\t\t\t\t\t<img width=\"801\" height=\"801\" src=\"https:\/\/www.hmg-genset.pt\/pt\/wp-content\/uploads\/2020\/05\/produtos-04.jpg\" class=\"attachment-large size-large\" alt=\"Quadro El\u00e9trico\" loading=\"lazy\" srcset=\"https:\/\/www.hmg-genset.pt\/pt\/wp-content\/uploads\/2020\/05\/produtos-04.jpg 801w, https:\/\/www.hmg-genset.pt\/pt\/wp-content\/uploads\/2020\/05\/produtos-04-300x300.jpg 300w, https:\/\/www.hmg-genset.pt\/pt\/wp-content\/uploads\/2020\/05\/produtos-04-150x150.jpg 150w, https:\/\/www.hmg-genset.pt\/pt\/wp-content\/uploads\/2020\/05\/produtos-04-768x768.jpg 768w, https:\/\/www.hmg-genset.pt\/pt\/wp-content\/uploads\/2020\/05\/produtos-04-500x500.jpg 500w\" sizes=\"(max-width: 801px) 100vw, 801px\" \/>\t\t\t\t\t\t\t\t<\/a>\n\t\t\t\t\t\t\t\t\t\t\t<\/div>\n\t\t\t\t<\/div>\n\t\t\t\t<\/div>\n\t\t\t\t\t<\/div>\n\t\t<\/div>\n\t\t\t\t<div class=\"elementor-element elementor-element-ba77947 elementor-column elementor-col-33 elementor-top-column\" data-id=\"ba77947\" data-element_type=\"column\">\n\t\t\t<div class=\"elementor-widget-wrap elementor-element-populated\">\n\t\t\t\t\t\t\t\t<div class=\"elementor-element elementor-element-6ab9d1c elementor-widget elementor-widget-image\" data-id=\"6ab9d1c\" data-element_type=\"widget\" data-widget_type=\"image.default\">\n\t\t\t\t<div class=\"elementor-widget-container\">\n\t\t\t\t\t<div class=\"elementor-image\">\n\t\t\t\t\t\t\t\t\t\t\t<a href=\"https:\/\/www.hmg-genset.pt\/pt\/paineis-solares\/\">\n\t\t\t\t\t\t\t<img width=\"801\" height=\"801\" src=\"https:\/\/www.hmg-genset.pt\/pt\/wp-content\/uploads\/2020\/03\/produto-painel-solar.jpg\" class=\"attachment-large size-large\" alt=\"Paineis Solares\" loading=\"lazy\" srcset=\"https:\/\/www.hmg-genset.pt\/pt\/wp-content\/uploads\/2020\/03\/produto-painel-solar.jpg 801w, https:\/\/www.hmg-genset.pt\/pt\/wp-content\/uploads\/2020\/03\/produto-painel-solar-300x300.jpg 300w, https:\/\/www.hmg-genset.pt\/pt\/wp-content\/uploads\/2020\/03\/produto-painel-solar-150x150.jpg 150w, https:\/\/www.hmg-genset.pt\/pt\/wp-content\/uploads\/2020\/03\/produto-painel-solar-768x768.jpg 768w, https:\/\/www.hmg-genset.pt\/pt\/wp-content\/uploads\/2020\/03\/produto-painel-solar-500x500.jpg 500w\" sizes=\"(max-width: 801px) 100vw, 801px\" \/>\t\t\t\t\t\t\t\t<\/a>\n\t\t\t\t\t\t\t\t\t\t\t<\/div>\n\t\t\t\t<\/div>\n\t\t\t\t<\/div>\n\t\t\t\t<div class=\"elementor-element elementor-element-f6deaee elementor-widget elementor-widget-image\" data-id=\"f6deaee\" data-element_type=\"widget\" data-widget_type=\"image.default\">\n\t\t\t\t<div class=\"elementor-widget-container\">\n\t\t\t\t\t<div class=\"elementor-image\">\n\t\t\t\t\t\t\t\t\t\t\t<a href=\"https:\/\/www.hmg-genset.pt\/pt\/empilhadores-electricos\/\">\n\t\t\t\t\t\t\t<img src=\"https:\/\/www.hmg-genset.pt\/pt\/wp-content\/uploads\/2020\/03\/produto-empilhador.jpg\" title=\"\" alt=\"\" \/>\t\t\t\t\t\t\t\t<\/a>\n\t\t\t\t\t\t\t\t\t\t\t<\/div>\n\t\t\t\t<\/div>\n\t\t\t\t<\/div>\n\t\t\t\t\t<\/div>\n\t\t<\/div>\n\t\t\t\t<div class=\"elementor-element elementor-element-bd4694c elementor-column elementor-col-33 elementor-top-column\" data-id=\"bd4694c\" data-element_type=\"column\">\n\t\t\t<div class=\"elementor-widget-wrap elementor-element-populated\">\n\t\t\t\t\t\t\t\t<div class=\"elementor-element elementor-element-9657523 elementor-widget elementor-widget-image\" data-id=\"9657523\" data-element_type=\"widget\" data-widget_type=\"image.default\">\n\t\t\t\t<div class=\"elementor-widget-container\">\n\t\t\t\t\t<div class=\"elementor-image\">\n\t\t\t\t\t\t\t\t\t\t\t<a href=\"https:\/\/www.hmg-genset.pt\/pt\/ups\/\">\n\t\t\t\t\t\t\t<img width=\"800\" height=\"800\" src=\"https:\/\/www.hmg-genset.pt\/pt\/wp-content\/uploads\/2020\/03\/produto-UPS.jpg\" class=\"attachment-large size-large\" alt=\"UPS\" loading=\"lazy\" srcset=\"https:\/\/www.hmg-genset.pt\/pt\/wp-content\/uploads\/2020\/03\/produto-UPS.jpg 800w, https:\/\/www.hmg-genset.pt\/pt\/wp-content\/uploads\/2020\/03\/produto-UPS-300x300.jpg 300w, https:\/\/www.hmg-genset.pt\/pt\/wp-content\/uploads\/2020\/03\/produto-UPS-150x150.jpg 150w, https:\/\/www.hmg-genset.pt\/pt\/wp-content\/uploads\/2020\/03\/produto-UPS-768x768.jpg 768w, https:\/\/www.hmg-genset.pt\/pt\/wp-content\/uploads\/2020\/03\/produto-UPS-500x500.jpg 500w\" sizes=\"(max-width: 800px) 100vw, 800px\" \/>\t\t\t\t\t\t\t\t<\/a>\n\t\t\t\t\t\t\t\t\t\t\t<\/div>\n\t\t\t\t<\/div>\n\t\t\t\t<\/div>\n\t\t\t\t<div class=\"elementor-element elementor-element-5e02e11 elementor-widget elementor-widget-image\" data-id=\"5e02e11\" data-element_type=\"widget\" data-widget_type=\"image.default\">\n\t\t\t\t<div class=\"elementor-widget-container\">\n\t\t\t\t\t<div class=\"elementor-image\">\n\t\t\t\t\t\t\t\t\t\t\t<a href=\"https:\/\/www.hmg-genset.pt\/pt\/plataformas\/\">\n\t\t\t\t\t\t\t<img src=\"https:\/\/www.hmg-genset.pt\/pt\/wp-content\/uploads\/2020\/03\/produto-plataformas.jpg\" title=\"\" alt=\"\" \/>\t\t\t\t\t\t\t\t<\/a>\n\t\t\t\t\t\t\t\t\t\t\t<\/div>\n\t\t\t\t<\/div>\n\t\t\t\t<\/div>\n\t\t\t\t\t<\/div>\n\t\t<\/div>\n\t\t\t\t\t\t\t<\/div>\n\t\t<\/section>\n\t\t\t\t\t\t<\/div>\n\t\t\t\t\t<\/div>\n\t\t","protected":false},"excerpt":{"rendered":"<p>PRODUTOS A HMG-GENSET tem \u00e0 sua disposi\u00e7\u00e3o v\u00e1rios produtos com diferentes modalidades. Connosco pode COMPRAR ou ALUGAR um equipamento.<\/p>\n","protected":false},"author":1,"featured_media":0,"parent":0,"menu_order":0,"comment_status":"closed","ping_status":"closed","template":"","meta":{"spay_email":"","_vp_format_video_url":"","_vp_image_focal_point":[]},"_links":{"self":[{"href":"https:\/\/www.hmg-genset.pt\/pt\/wp-json\/wp\/v2\/pages\/554"}],"collection":[{"href":"https:\/\/www.hmg-genset.pt\/pt\/wp-json\/wp\/v2\/pages"}],"about":[{"href":"https:\/\/www.hmg-genset.pt\/pt\/wp-json\/wp\/v2\/types\/page"}],"author":[{"embeddable":true,"href":"https:\/\/www.hmg-genset.pt\/pt\/wp-json\/wp\/v2\/users\/1"}],"replies":[{"embeddable":true,"href":"https:\/\/www.hmg-genset.pt\/pt\/wp-json\/wp\/v2\/comments?post=554"}],"version-history":[{"count":0,"href":"https:\/\/www.hmg-genset.pt\/pt\/wp-json\/wp\/v2\/pages\/554\/revisions"}],"wp:attachment":[{"href":"https:\/\/www.hmg-genset.pt\/pt\/wp-json\/wp\/v2\/media?parent=554"}],"curies":[{"name":"wp","href":"https:\/\/api.w.org\/{rel}","templated":true}]}}